{"id":485,"date":"2019-12-06T10:31:29","date_gmt":"2019-12-06T10:31:29","guid":{"rendered":"https:\/\/entwicklung.mirrox.io\/?page_id=485"},"modified":"2021-11-29T16:11:31","modified_gmt":"2021-11-29T15:11:31","slug":"rueckruf","status":"publish","type":"page","link":"https:\/\/web.recoverics.net\/de\/rueckruf\/","title":{"rendered":"R\u00fcckruf"},"content":{"rendered":"<div id=\"fws_69e514a4f29ca\"  data-column-margin=\"default\" data-midnight=\"dark\"  class=\"wpb_row vc_row-fluid vc_row\"  style=\"padding-top: 0px; padding-bottom: 0px; \"><div class=\"row-bg-wrap\" data-bg-animation=\"none\" data-bg-overlay=\"false\"><div class=\"inner-wrap\"><div class=\"row-bg viewport-desktop\"  style=\"\"><\/div><\/div><\/div><div class=\"row_col_wrap_12 col span_12 dark center\">\n\t<div  class=\"vc_col-sm-6 wpb_column column_container vc_column_container col no-extra-padding inherit_tablet inherit_phone\"  data-padding-pos=\"all\" data-has-bg-color=\"false\" data-bg-color=\"\" data-bg-opacity=\"1\" data-animation=\"\" data-delay=\"0\" >\n\t\t<div class=\"vc_column-inner\" >\n\t\t\t<div class=\"wpb_wrapper\">\n\t\t\t\t<div class=\"nectar_icon_wrap\" data-style=\"soft-bg\" data-padding=\"10px\" data-color=\"accent-color\" style=\"\" >\r\n\t\t<div class=\"nectar_icon\" ><span class=\"im-icon-wrap\" data-color=\"accent-color\" style=\"height: 60px; width: 60px;\"><span><svg version=\"1.1\" xmlns=\"http:\/\/www.w3.org\/2000\/svg\" width=\"40\" height=\"40\" viewbox=\"0 0 32 32\">\r\n        <path d=\"M22.317 30.663h-3.651v-1.333h3.651c0.583 0 1.683-1.2 1.683-1.836v-8.831h1.333v8.831c0 1.28-1.588 3.169-3.016 3.169zM24.664 15.649c-0.255 0-0.497-0.145-0.608-0.392-0.377-0.837-0.609-1.46-0.707-1.903-0.533-2.411-2.315-8.013-7.349-8.013-5.033 0-6.816 5.603-7.349 8.013-0.084 0.377-0.263 0.883-0.548 1.541-0.147 0.336-0.54 0.492-0.876 0.349-0.339-0.144-0.495-0.536-0.348-0.875 0.308-0.713 0.425-1.103 0.469-1.305 1.275-5.752 4.427-9.056 8.651-9.056s7.377 3.304 8.651 9.056c0.053 0.241 0.201 0.717 0.62 1.64 0.152 0.336 0.003 0.731-0.333 0.883-0.087 0.044-0.181 0.061-0.272 0.061zM24.667 11.329c-0.367 0-0.667-0.3-0.667-0.667v-1.471c0-4.256-3.664-7.855-8-7.855s-8 3.595-8 7.855v1.472c0 0.367-0.299 0.667-0.667 0.667s-0.667-0.301-0.667-0.668v-1.471c0-4.979 4.275-9.188 9.333-9.188s9.333 4.205 9.333 9.188v1.472c0 0.365-0.3 0.665-0.667 0.665zM16 26.632c-3.676 0-6.667-3.251-6.667-7.251v-4.719c0-0.367 0.299-0.667 0.667-0.667s0.667 0.3 0.667 0.667v4.719c0 3.263 2.392 5.917 5.333 5.917s5.333-2.651 5.333-5.917v-4.719c0-0.367 0.3-0.667 0.667-0.667s0.667 0.3 0.667 0.667v4.719c0 3.997-2.991 7.251-6.667 7.251zM7.333 19.996h-2c-1.471 0-2.667-1.195-2.667-2.667v-4c0-1.472 1.196-2.667 2.667-2.667h2c0.368 0 0.667 0.3 0.667 0.667v8c0 0.367-0.299 0.667-0.667 0.667zM5.333 11.996c-0.735 0-1.333 0.597-1.333 1.333v4c0 0.736 0.599 1.333 1.333 1.333h1.333v-6.667h-1.333zM26.667 19.996h-2c-0.367 0-0.667-0.3-0.667-0.667v-8c0-0.367 0.3-0.667 0.667-0.667h2c1.472 0 2.667 1.195 2.667 2.667v4c0 1.472-1.195 2.667-2.667 2.667zM25.333 18.663h1.333c0.735 0 1.333-0.597 1.333-1.333v-4c0-0.736-0.599-1.333-1.333-1.333h-1.333v6.667zM18 31.996h-4c-1.103 0-2-0.897-2-2s0.897-2 2-2h4c1.103 0 2 0.897 2 2s-0.897 2-2 2zM14 29.329c-0.368 0-0.667 0.3-0.667 0.667s0.299 0.667 0.667 0.667h4c0.367 0 0.667-0.3 0.667-0.667s-0.3-0.667-0.667-0.667h-4zM23.833 15.329c-1.757 0-4.785-1.997-6.257-4-1.989 3.876-9.488 4-9.576 4-0.368 0-0.667-0.3-0.667-0.667s0.299-0.667 0.667-0.667c1.843 0 8.723-0.803 8.723-4.723 0-0.368 0.299-0.667 0.667-0.667s0.667 0.299 0.667 0.667c0 1.457 3.996 4.723 5.777 4.723 0.367 0 0.667 0.3 0.667 0.667s-0.3 0.667-0.667 0.667z\"><\/path>\r\n        <\/svg><\/span><\/span><\/div>\r\n\t<\/div>\r\n<div class=\"wpb_text_column wpb_content_element\" >\r\n\t<div class=\"wpb_wrapper\">\r\n\t\t<h4>R\u00fcckruf anfordern<\/h4>\n<p>Mit Ihren Daten ausf\u00fcllen und absenden &#8211; und wir rufen Sie zur\u00fcck.<\/p>\n\t<\/div>\r\n<\/div>\r\n\r\n\r\n\r\n\n\t\t\t<\/div> \n\t\t<\/div>\n\t<\/div> \n\n\t<div  class=\"vc_col-sm-6 wpb_column column_container vc_column_container col no-extra-padding inherit_tablet inherit_phone\"  data-padding-pos=\"all\" data-has-bg-color=\"false\" data-bg-color=\"\" data-bg-opacity=\"1\" data-animation=\"\" data-delay=\"0\" >\n\t\t<div class=\"vc_column-inner\" >\n\t\t\t<div class=\"wpb_wrapper\">\n\t\t\t\t\n\t\t\t<\/div> \n\t\t<\/div>\n\t<\/div> \n<\/div><\/div>\r\n\t\t<div id=\"fws_69e514a4f3696\"  data-column-margin=\"default\" data-midnight=\"dark\"  class=\"wpb_row vc_row-fluid vc_row vc_row-o-equal-height vc_row-flex\"  style=\"padding-top: 0px; padding-bottom: 40px; \"><div class=\"row-bg-wrap\" data-bg-animation=\"none\" data-bg-overlay=\"false\"><div class=\"inner-wrap\"><div class=\"row-bg viewport-desktop\"  style=\"\"><\/div><\/div><\/div><div class=\"row_col_wrap_12 col span_12 dark left\">\n\t<div  class=\"vc_col-sm-6 wpb_column column_container vc_column_container col padding-6-percent inherit_tablet inherit_phone\"  data-padding-pos=\"left-right\" data-has-bg-color=\"false\" data-bg-color=\"\" data-bg-opacity=\"1\" data-animation=\"\" data-delay=\"0\" >\n\t\t<div class=\"vc_column-inner\" >\n\t\t\t<div class=\"wpb_wrapper\">\n\t\t\t\t<div role=\"form\" class=\"wpcf7\" id=\"wpcf7-f489-o1\" lang=\"de-AT\" dir=\"ltr\">\n<div class=\"screen-reader-response\"><p role=\"status\" aria-live=\"polite\" aria-atomic=\"true\"><\/p> <ul><\/ul><\/div>\n<form action=\"\/de\/wp-json\/wp\/v2\/pages\/485#wpcf7-f489-o1\" method=\"post\" class=\"wpcf7-form init\" novalidate=\"novalidate\" data-status=\"init\" data-trp-original-action=\"\/de\/wp-json\/wp\/v2\/pages\/485#wpcf7-f489-o1\">\n<div style=\"display: none;\">\n<input type=\"hidden\" name=\"_wpcf7\" value=\"489\" \/>\n<input type=\"hidden\" name=\"_wpcf7_version\" value=\"5.5.3\" \/>\n<input type=\"hidden\" name=\"_wpcf7_locale\" value=\"de_AT\" \/>\n<input type=\"hidden\" name=\"_wpcf7_unit_tag\" value=\"wpcf7-f489-o1\" \/>\n<input type=\"hidden\" name=\"_wpcf7_container_post\" value=\"0\" \/>\n<input type=\"hidden\" name=\"_wpcf7_posted_data_hash\" value=\"\" \/>\n<input type=\"hidden\" name=\"_wpcf7_recaptcha_response\" value=\"\" \/>\n<\/div>\n<p><label> Name *<br \/>\n    <span class=\"wpcf7-form-control-wrap your-name\"><input type=\"text\" name=\"your-name\" value=\"\" size=\"40\" class=\"wpcf7-form-control wpcf7-text wpcf7-validates-as-required\" aria-required=\"true\" aria-invalid=\"false\" \/><\/span> <\/label><\/p>\n<p><label> Telefonnummer * <\/label><br \/>\n    <span class=\"wpcf7-form-control-wrap telCountryCode\"><select name=\"telCountryCode\" class=\"wpcf7-form-control wpcf7-select wpcf7-validates-as-required\" id=\"telCountryCode\" aria-required=\"true\" aria-invalid=\"false\"><option value=\"0043\">0043<\/option><option value=\"0049\">0049<\/option><option value=\"0041\">0041<\/option><\/select><\/span><span class=\"wpcf7-form-control-wrap telNumber\"><input type=\"tel\" name=\"telNumber\" value=\"\" size=\"40\" class=\"wpcf7-form-control wpcf7-text wpcf7-tel wpcf7-validates-as-required wpcf7-validates-as-tel\" id=\"telNumber\" aria-required=\"true\" aria-invalid=\"false\" \/><\/span><\/p>\n<p><input type=\"submit\" value=\"R\u00fcckruf anfordern\" class=\"wpcf7-form-control has-spinner wpcf7-submit\" \/><\/p>\n<input type='hidden' class='wpcf7-pum' value='{\"closepopup\":false,\"closedelay\":0,\"openpopup\":false,\"openpopup_id\":0}' \/><div class=\"wpcf7-response-output\" aria-hidden=\"true\"><\/div><input type=\"hidden\" name=\"trp-form-language\" value=\"de\"\/><\/form><\/div><p style=\"font-size: 13px;color: #666666;line-height: 1.5;text-align: left\" class=\"vc_custom_heading vc_custom_1581527384610\" >Wir sch\u00fctzen Ihre Daten! Durch absenden stimmen Sie der Kontaktaufnahme und Datenverarbeitung zu. Die Daten werden nach Bearbeitung gelo\u0308scht oder wenn der Zweck der Speicherung entfa\u0308llt.<\/p>\n\t\t\t<\/div> \n\t\t<\/div>\n\t<\/div> \n\n\t<div  class=\"vc_col-sm-3 wpb_column column_container vc_column_container col centered-text no-extra-padding inherit_tablet inherit_phone\"  data-padding-pos=\"all\" data-has-bg-color=\"false\" data-bg-color=\"\" data-bg-opacity=\"1\" data-animation=\"\" data-delay=\"0\" >\n\t\t<div class=\"vc_column-inner\" >\n\t\t\t<div class=\"wpb_wrapper\">\n\t\t\t\t<div class=\"nectar_icon_wrap\" data-style=\"default\" data-padding=\"0px\" data-color=\"extra-color-3\" style=\"\" >\r\n\t\t<div class=\"nectar_icon\" ><i style=\"font-size: 45px; line-height: 45px; height: 45px; width: 45px;\" class=\"vc_li vc_li-bubble\"><\/i><\/div>\r\n\t<\/div><h6 style=\"font-size: 16px;color: #56b782;text-align: center\" class=\"vc_custom_heading vc_custom_1581527363977\" >V\u00f6llig unverbindlich anfragen<\/h6><div class=\"nectar_icon_wrap\" data-style=\"default\" data-padding=\"0px\" data-color=\"extra-color-3\" style=\"margin-top: 60px; \" >\r\n\t\t<div class=\"nectar_icon\" ><i style=\"font-size: 45px; line-height: 45px; height: 45px; width: 45px;\" class=\"vc_li vc_li-like\"><\/i><\/div>\r\n\t<\/div><h6 style=\"font-size: 16px;color: #56b782;text-align: center\" class=\"vc_custom_heading vc_custom_1581527454235\" >Umfassende und kostenlose Beratung<\/h6>\n\t\t\t<\/div> \n\t\t<\/div>\n\t<\/div> \n\n\t<div  class=\"vc_col-sm-3 wpb_column column_container vc_column_container col centered-text no-extra-padding inherit_tablet inherit_phone\"  data-padding-pos=\"all\" data-has-bg-color=\"false\" data-bg-color=\"\" data-bg-opacity=\"1\" data-animation=\"\" data-delay=\"0\" >\n\t\t<div class=\"vc_column-inner\" >\n\t\t\t<div class=\"wpb_wrapper\">\n\t\t\t\t<div class=\"nectar_icon_wrap\" data-style=\"default\" data-padding=\"0px\" data-color=\"extra-color-3\" style=\"\" >\r\n\t\t<div class=\"nectar_icon\" ><i style=\"font-size: 45px; line-height: 45px; height: 45px; width: 45px;\" class=\"vc_li vc_li-banknote\"><\/i><\/div>\r\n\t<\/div><h6 style=\"font-size: 16px;color: #56b782;text-align: center\" class=\"vc_custom_heading vc_custom_1581527414995\" >Bestpreisgarantie<\/h6><div class=\"nectar_icon_wrap\" data-style=\"default\" data-padding=\"0px\" data-color=\"extra-color-1\" style=\"margin-top: 60px; \" >\r\n\t\t<div class=\"nectar_icon\" ><i style=\"font-size: 45px; line-height: 45px; height: 45px; width: 45px;\" class=\"vc_li vc_li-bulb\"><\/i><\/div>\r\n\t<\/div><h6 style=\"font-size: 16px;color: #e94946;text-align: center\" class=\"vc_custom_heading vc_custom_1581527425059\" >Wir sind Experten mit jahrelanger Erfahrung<\/h6>\n\t\t\t<\/div> \n\t\t<\/div>\n\t<\/div> \n<\/div><\/div>\r\n\t\t<div id=\"fws_69e514a500c6d\"  data-column-margin=\"default\" data-midnight=\"dark\"  class=\"wpb_row vc_row-fluid vc_row\"  style=\"padding-top: 0px; padding-bottom: 0px; \"><div class=\"row-bg-wrap\" data-bg-animation=\"none\" data-bg-overlay=\"false\"><div class=\"inner-wrap\"><div class=\"row-bg viewport-desktop\"  style=\"\"><\/div><\/div><\/div><div class=\"row_col_wrap_12 col span_12 dark left\">\n\t<div  class=\"vc_col-sm-12 wpb_column column_container vc_column_container col no-extra-padding inherit_tablet inherit_phone\"  data-padding-pos=\"all\" data-has-bg-color=\"false\" data-bg-color=\"\" data-bg-opacity=\"1\" data-animation=\"\" data-delay=\"0\" >\n\t\t<div class=\"vc_column-inner\" >\n\t\t\t<div class=\"wpb_wrapper\">\n\t\t\t\t\r\n\t\t<div id=\"ueber-uns\"  data-column-margin=\"default\" data-midnight=\"dark\"  class=\"wpb_row vc_row-fluid vc_row full-width-section\"  style=\"padding-top: 50px; padding-bottom: 30px; \"><div class=\"row-bg-wrap\" data-bg-animation=\"none\" data-bg-overlay=\"true\"><div class=\"inner-wrap using-image\"><div class=\"row-bg viewport-desktop using-image\"  style=\"background-image: url(https:\/\/web.recoverics.net\/wp-content\/uploads\/2021\/11\/team_1920.jpg); background-position: center center; background-repeat: no-repeat; \"><\/div><\/div><div class=\"row-bg-overlay\" style=\"background-color:#24368a;  opacity: 0.8; \"><\/div><\/div><div class=\"row_col_wrap_12 col span_12 dark left\">\n\t<div  class=\"vc_col-sm-12 wpb_column column_container vc_column_container col no-extra-padding inherit_tablet inherit_phone\"  data-padding-pos=\"all\" data-has-bg-color=\"false\" data-bg-color=\"\" data-bg-opacity=\"1\" data-animation=\"\" data-delay=\"0\" >\n\t\t<div class=\"vc_column-inner\" >\n\t\t\t<div class=\"wpb_wrapper\">\n\t\t\t\t<h2 style=\"font-size: 26px;color: #56b782;text-align: center\" class=\"vc_custom_heading\" >Warum unser erfahrenes Team das richtige f\u00fcr Ihr Datenproblem ist<\/h2><div id=\"fws_69e514a50173a\" data-midnight=\"\" data-column-margin=\"default\" class=\"wpb_row vc_row-fluid vc_row inner_row\"  style=\"padding-top: 20px; padding-bottom: 5px; \"><div class=\"row-bg-wrap\"> <div class=\"row-bg\" ><\/div> <\/div><div class=\"row_col_wrap_12_inner col span_12  left\">\n\t<div  class=\"vc_col-sm-4 wpb_column column_container vc_column_container col child_column padding-3-percent inherit_tablet inherit_phone\"   data-padding-pos=\"left-right\" data-has-bg-color=\"false\" data-bg-color=\"\" data-bg-opacity=\"1\" data-animation=\"\" data-delay=\"0\" >\n\t\t<div class=\"vc_column-inner\" >\n\t\t<div class=\"wpb_wrapper\">\n\t\t\t<div class=\"nectar-fancy-ul\" data-list-icon=\"fa fa-circle-o\" data-animation=\"false\" data-animation-delay=\"0\" data-color=\"extra-color-3\" data-spacing=\"default\" data-alignment=\"left\"> \r\n<ul style=\"color: #fff;\">\r\n \t<li>Wir sind die <strong>Experten <\/strong>in der Datenrettung und <strong>Techniker <\/strong>mit Leib und Seele.<\/li>\r\n \t<li>Wir stecken unser <strong>Herzblut <\/strong>\ud83e\udd0d und all unser Wissen in Ihren Auftrag.<\/li>\r\n \t<li>Bei uns sind Sie keine Nummer, sondern unser Kunde, dem wir eine L\u00f6sung bieten k\u00f6nnen.<\/li>\r\n \t<li>Unser oberstes Ziel ist Ihnen die verloren geglaubten Daten wiederzubringen.<\/li>\r\n<\/ul>\r\n <\/div>\n\t\t<\/div> \n\t<\/div>\n\t<\/div> \n\n\t<div  class=\"vc_col-sm-4 wpb_column column_container vc_column_container col child_column centered-text padding-3-percent inherit_tablet inherit_phone\"   data-padding-pos=\"left-right\" data-has-bg-color=\"false\" data-bg-color=\"\" data-bg-opacity=\"1\" data-animation=\"\" data-delay=\"0\" >\n\t\t<div class=\"vc_column-inner\" >\n\t\t<div class=\"wpb_wrapper\">\n\t\t\t<h5 style=\"font-size: 20px;color: #ffffff;text-align: center\" class=\"vc_custom_heading vc_custom_1637770441444\" >Kostenlos &amp; unverbindlich!<\/h5><a class=\"nectar-button large regular accent-color has-icon  wpb_animate_when_almost_visible wpb_shake shake regular-button\"  style=\"margin-bottom: 30px; background-color: #e94946;\"  href=\"https:\/\/web.recoverics.net\/de\/rueckruf\/\" data-color-override=\"#e94946\" data-hover-color-override=\"false\" data-hover-text-color-override=\"#fff\"><span>R\u00fcckruf anfordern<\/span><i  class=\"fa fa-angle-right\"><\/i><\/a><a class=\"nectar-button large see-through-2  has-icon\"  style=\"border-color: #56b782; color: #56b782;\"  href=\"https:\/\/web.recoverics.net\/de\/anfrage\/\" data-color-override=\"#56b782\"  data-hover-color-override=\"#56b782\" data-hover-text-color-override=\"#ffffff\"><span>Anfrage schriftlich<\/span><i  class=\"fa fa-angle-right\"><\/i><\/a>\n\t\t<\/div> \n\t<\/div>\n\t<\/div> \n\n\t<div  class=\"vc_col-sm-4 wpb_column column_container vc_column_container col child_column padding-3-percent bottom_margin_tablet_40px bottom_margin_phone_40px inherit_tablet inherit_phone\"   data-padding-pos=\"left-right\" data-has-bg-color=\"false\" data-bg-color=\"\" data-bg-opacity=\"1\" data-animation=\"\" data-delay=\"0\" >\n\t\t<div class=\"vc_column-inner\" >\n\t\t<div class=\"wpb_wrapper\">\n\t\t\t\r\n<div class=\"wpb_text_column wpb_content_element\" >\r\n\t<div class=\"wpb_wrapper\">\r\n\t\t<p style=\"color: #fff;\">Wir bestehen aus langj\u00e4hrigen Technikern und einem Supportteam, das Ihnen jederzeit gerne bei allen Fragen zum Thema Datenverlust behilflich ist.<br \/>\nGanz egal ob Sie eine Datenrettung bei uns beauftragen m\u00f6chten oder einfach im Vorfeld Fragen \u00fcber M\u00f6glichkeiten f\u00fcr eine Datenrettung oder Datenwiederherstellung abw\u00e4gen wollen. Unsere Beratung erfolgt v\u00f6llig kostenlos und unverbindlich!<\/p>\n\t<\/div>\r\n<\/div>\r\n\r\n\r\n\r\n\n\t\t<\/div> \n\t<\/div>\n\t<\/div> \n<\/div><\/div>\n\t\t\t<\/div> \n\t\t<\/div>\n\t<\/div> \n<\/div><\/div><style type=\"text\/css\" data-type=\"vc_shortcodes-custom-css\">.vc_custom_1637770441444{padding-top: 10px !important;padding-bottom: 25px !important;}<\/style>\n\t\t\t<\/div> \n\t\t<\/div>\n\t<\/div> \n<\/div><\/div>","protected":false},"excerpt":{"rendered":"R\u00fcckruf anfordern Mit Ihren Daten ausf\u00fcllen und absenden - und wir rufen Sie zur\u00fcck. Name * Telefonnummer * 004300490041 Wir sch\u00fctzen Ihre Daten! Durch absenden stimmen Sie der Kontaktaufnahme und...","protected":false},"author":3,"featured_media":0,"parent":0,"menu_order":3,"comment_status":"closed","ping_status":"closed","template":"","meta":{"om_disable_all_campaigns":false,"_monsterinsights_skip_tracking":false,"_monsterinsights_sitenote_active":false,"_monsterinsights_sitenote_note":"","_monsterinsights_sitenote_category":0,"footnotes":""},"aioseo_notices":[],"_links":{"self":[{"href":"https:\/\/web.recoverics.net\/de\/wp-json\/wp\/v2\/pages\/485"}],"collection":[{"href":"https:\/\/web.recoverics.net\/de\/wp-json\/wp\/v2\/pages"}],"about":[{"href":"https:\/\/web.recoverics.net\/de\/wp-json\/wp\/v2\/types\/page"}],"author":[{"embeddable":true,"href":"https:\/\/web.recoverics.net\/de\/wp-json\/wp\/v2\/users\/3"}],"replies":[{"embeddable":true,"href":"https:\/\/web.recoverics.net\/de\/wp-json\/wp\/v2\/comments?post=485"}],"version-history":[{"count":17,"href":"https:\/\/web.recoverics.net\/de\/wp-json\/wp\/v2\/pages\/485\/revisions"}],"predecessor-version":[{"id":839,"href":"https:\/\/web.recoverics.net\/de\/wp-json\/wp\/v2\/pages\/485\/revisions\/839"}],"wp:attachment":[{"href":"https:\/\/web.recoverics.net\/de\/wp-json\/wp\/v2\/media?parent=485"}],"curies":[{"name":"wp","href":"https:\/\/api.w.org\/{rel}","templated":true}]}}