{"id":451,"date":"2019-12-05T14:38:32","date_gmt":"2019-12-05T14:38:32","guid":{"rendered":"https:\/\/entwicklung.mirrox.io\/?page_id=451"},"modified":"2021-11-29T16:10:41","modified_gmt":"2021-11-29T15:10:41","slug":"anfrage","status":"publish","type":"page","link":"https:\/\/web.recoverics.net\/de\/anfrage\/","title":{"rendered":"Anfrage"},"content":{"rendered":"<div id=\"fws_69e52f477376d\"  data-column-margin=\"default\" data-midnight=\"dark\"  class=\"wpb_row vc_row-fluid vc_row\"  style=\"padding-top: 0px; padding-bottom: 0px; \"><div class=\"row-bg-wrap\" data-bg-animation=\"none\" data-bg-overlay=\"false\"><div class=\"inner-wrap\"><div class=\"row-bg viewport-desktop\"  style=\"\"><\/div><\/div><\/div><div class=\"row_col_wrap_12 col span_12 dark left\">\n\t<div  class=\"vc_col-sm-8 wpb_column column_container vc_column_container col centered-text no-extra-padding inherit_tablet inherit_phone\"  data-padding-pos=\"all\" data-has-bg-color=\"false\" data-bg-color=\"\" data-bg-opacity=\"1\" data-animation=\"\" data-delay=\"0\" >\n\t\t<div class=\"vc_column-inner\" >\n\t\t\t<div class=\"wpb_wrapper\">\n\t\t\t\t<div class=\"nectar_icon_wrap\" data-style=\"soft-bg\" data-padding=\"10px\" data-color=\"accent-color\" style=\"\" >\r\n\t\t<div class=\"nectar_icon\" ><span class=\"im-icon-wrap\" data-color=\"accent-color\" style=\"height: 60px; width: 60px;\"><span><svg version=\"1.1\" xmlns=\"http:\/\/www.w3.org\/2000\/svg\" width=\"40\" height=\"40\" viewbox=\"0 0 32 32\">\r\n        <path d=\"M15.997 30.625c-0.225 0-0.435-0.115-0.557-0.303l-6-9.167c-0.103-0.156-0.136-0.349-0.088-0.528l1.667-6.584c0.088-0.356 0.44-0.575 0.809-0.483 0.357 0.091 0.573 0.452 0.481 0.811l-1.593 6.301 5.281 8.069 5.281-8.069-1.593-6.301c-0.088-0.359 0.125-0.72 0.481-0.811 0.364-0.092 0.719 0.127 0.809 0.483l1.667 6.584c0.047 0.183 0.013 0.372-0.088 0.528l-6 9.167c-0.123 0.191-0.332 0.303-0.557 0.303zM15.997 29.375c-0.367 0-0.667-0.3-0.667-0.667v-10.667c0-0.367 0.3-0.667 0.667-0.667s0.667 0.3 0.667 0.667v10.667c0 0.368-0.301 0.667-0.667 0.667zM15.997 18.708c-1.103 0-2-0.899-2-2 0-1.103 0.897-2 2-2s2 0.897 2 2c0 1.101-0.899 2-2 2zM15.997 16.041c-0.367 0-0.667 0.3-0.667 0.667s0.3 0.667 0.667 0.667 0.667-0.3 0.667-0.667-0.301-0.667-0.667-0.667zM21.997 14.041h-12c-0.337 0-0.621-0.251-0.661-0.585l-1.375-11.333c-0.044-0.365 0.215-0.697 0.583-0.743 0.36-0.045 0.695 0.215 0.743 0.581l1.305 10.748h10.817l1.305-10.748c0.044-0.365 0.391-0.623 0.745-0.581 0.361 0.044 0.625 0.376 0.581 0.743l-1.375 11.333c-0.049 0.335-0.333 0.585-0.669 0.585z\"><\/path>\r\n        <\/svg><\/span><\/span><\/div>\r\n\t<\/div>\r\n<div class=\"wpb_text_column wpb_content_element\" >\r\n\t<div class=\"wpb_wrapper\">\r\n\t\t<h4>Anfrage schriftlich<\/h4>\n<p>Mit Ihren Daten ausf\u00fcllen und absenden &#8211; und wir melden uns bei Ihnen.<\/p>\n\t<\/div>\r\n<\/div>\r\n\r\n\r\n\r\n\n\t\t\t<\/div> \n\t\t<\/div>\n\t<\/div> \n\n\t<div  class=\"vc_col-sm-4 wpb_column column_container vc_column_container col no-extra-padding inherit_tablet inherit_phone\"  data-padding-pos=\"all\" data-has-bg-color=\"false\" data-bg-color=\"\" data-bg-opacity=\"1\" data-animation=\"\" data-delay=\"0\" >\n\t\t<div class=\"vc_column-inner\" >\n\t\t\t<div class=\"wpb_wrapper\">\n\t\t\t\t\n\t\t\t<\/div> \n\t\t<\/div>\n\t<\/div> \n<\/div><\/div>\r\n\t\t<div id=\"fws_69e52f47740a6\"  data-column-margin=\"default\" data-midnight=\"dark\"  class=\"wpb_row vc_row-fluid vc_row vc_row-o-equal-height vc_row-flex\"  style=\"padding-top: 0px; padding-bottom: 40px; \"><div class=\"row-bg-wrap\" data-bg-animation=\"none\" data-bg-overlay=\"false\"><div class=\"inner-wrap\"><div class=\"row-bg viewport-desktop\"  style=\"\"><\/div><\/div><\/div><div class=\"row_col_wrap_12 col span_12 dark left\">\n\t<div  class=\"vc_col-sm-8 wpb_column column_container vc_column_container col padding-6-percent inherit_tablet inherit_phone\"  data-padding-pos=\"left-right\" data-has-bg-color=\"false\" data-bg-color=\"\" data-bg-opacity=\"1\" data-animation=\"\" data-delay=\"0\" >\n\t\t<div class=\"vc_column-inner\" >\n\t\t\t<div class=\"wpb_wrapper\">\n\t\t\t\t<div role=\"form\" class=\"wpcf7\" id=\"wpcf7-f450-o1\" lang=\"de-AT\" dir=\"ltr\">\n<div class=\"screen-reader-response\"><p role=\"status\" aria-live=\"polite\" aria-atomic=\"true\"><\/p> <ul><\/ul><\/div>\n<form action=\"\/de\/wp-json\/wp\/v2\/pages\/451#wpcf7-f450-o1\" method=\"post\" class=\"wpcf7-form init\" novalidate=\"novalidate\" data-status=\"init\" data-trp-original-action=\"\/de\/wp-json\/wp\/v2\/pages\/451#wpcf7-f450-o1\">\n<div style=\"display: none;\">\n<input type=\"hidden\" name=\"_wpcf7\" value=\"450\" \/>\n<input type=\"hidden\" name=\"_wpcf7_version\" value=\"5.5.3\" \/>\n<input type=\"hidden\" name=\"_wpcf7_locale\" value=\"de_AT\" \/>\n<input type=\"hidden\" name=\"_wpcf7_unit_tag\" value=\"wpcf7-f450-o1\" \/>\n<input type=\"hidden\" name=\"_wpcf7_container_post\" value=\"0\" \/>\n<input type=\"hidden\" name=\"_wpcf7_posted_data_hash\" value=\"\" \/>\n<input type=\"hidden\" name=\"_wpcf7_recaptcha_response\" value=\"\" \/>\n<\/div>\n<p><label> Name *<br \/>\n    <span class=\"wpcf7-form-control-wrap your-name\"><input type=\"text\" name=\"your-name\" value=\"\" size=\"40\" class=\"wpcf7-form-control wpcf7-text wpcf7-validates-as-required\" aria-required=\"true\" aria-invalid=\"false\" \/><\/span> <\/label><\/p>\n<p><label> E-Mail-Adresse *<br \/>\n    <span class=\"wpcf7-form-control-wrap your-email\"><input type=\"email\" name=\"your-email\" value=\"\" size=\"40\" class=\"wpcf7-form-control wpcf7-text wpcf7-email wpcf7-validates-as-required wpcf7-validates-as-email\" aria-required=\"true\" aria-invalid=\"false\" \/><\/span> <\/label><\/p>\n<p><label> Telefonnummer inkl. L\u00e4ndervorwahl *<\/label><br \/>\n    <span class=\"wpcf7-form-control-wrap telCountryCode\"><select name=\"telCountryCode\" class=\"wpcf7-form-control wpcf7-select wpcf7-validates-as-required\" id=\"telCountryCode\" aria-required=\"true\" aria-invalid=\"false\"><option value=\"0043\">0043<\/option><option value=\"0049\">0049<\/option><option value=\"0041\">0041<\/option><\/select><\/span><span class=\"wpcf7-form-control-wrap telNumber\"><input type=\"tel\" name=\"telNumber\" value=\"\" size=\"40\" class=\"wpcf7-form-control wpcf7-text wpcf7-tel wpcf7-validates-as-required wpcf7-validates-as-tel\" id=\"telNumber\" aria-required=\"true\" aria-invalid=\"false\" \/><\/span><\/p>\n<p><label> Um welches Ger\u00e4t, welchen Datentr\u00e4ger handelt es sich? *<br \/>\n<span class=\"wpcf7-form-control-wrap datentraegerart\"><select name=\"datentraegerart\" class=\"wpcf7-form-control wpcf7-select wpcf7-validates-as-required\" aria-required=\"true\" aria-invalid=\"false\"><option value=\"\">---<\/option><option value=\"Festplatte\">Festplatte<\/option><option value=\"Speicherkarte\">Speicherkarte<\/option><option value=\"USB-Stick\">USB-Stick<\/option><option value=\"SSD\">SSD<\/option><option value=\"RAID\">RAID<\/option><option value=\"NAS\">NAS<\/option><option value=\"Handy\">Handy<\/option><option value=\"Tablet\">Tablet<\/option><option value=\"CD, DVD, BluRay\">CD, DVD, BluRay<\/option><option value=\"Sonstiger Datentr\u00e4ger\">Sonstiger Datentr\u00e4ger<\/option><\/select><\/span> <\/label><\/p>\n<p><label> Angaben zum Datenverlust - Was ist passiert?<br \/>\n    <span class=\"wpcf7-form-control-wrap your-message\"><textarea name=\"your-message\" cols=\"40\" rows=\"10\" class=\"wpcf7-form-control wpcf7-textarea\" aria-invalid=\"false\"><\/textarea><\/span> <\/label><\/p>\n<p><input type=\"submit\" value=\"Unverbindliche Anfrage senden\" class=\"wpcf7-form-control has-spinner wpcf7-submit\" \/><\/p>\n<input type='hidden' class='wpcf7-pum' value='{\"closepopup\":false,\"closedelay\":0,\"openpopup\":false,\"openpopup_id\":0}' \/><div class=\"wpcf7-response-output\" aria-hidden=\"true\"><\/div><input type=\"hidden\" name=\"trp-form-language\" value=\"de\"\/><\/form><\/div><p style=\"font-size: 13px;color: #666666;line-height: 1.5;text-align: left\" class=\"vc_custom_heading\" >Wir sch\u00fctzen Ihre Daten! Durch absenden stimmen Sie der Kontaktaufnahme und Datenverarbeitung zu. Die Daten werden nach Bearbeitung gelo\u0308scht oder wenn der Zweck der Speicherung entfa\u0308llt.<\/p>\n\t\t\t<\/div> \n\t\t<\/div>\n\t<\/div> \n\n\t<div style=\"margin-top: 20px; \" class=\"vc_col-sm-4 wpb_column column_container vc_column_container col centered-text no-extra-padding inherit_tablet inherit_phone\"  data-padding-pos=\"all\" data-has-bg-color=\"false\" data-bg-color=\"\" data-bg-opacity=\"1\" data-animation=\"\" data-delay=\"0\" >\n\t\t<div class=\"vc_column-inner\" >\n\t\t\t<div class=\"wpb_wrapper\">\n\t\t\t\t<div class=\"nectar_icon_wrap\" data-style=\"default\" data-padding=\"0px\" data-color=\"extra-color-3\" style=\"\" >\r\n\t\t<div class=\"nectar_icon\" ><i style=\"font-size: 45px; line-height: 45px; height: 45px; width: 45px;\" class=\"vc_li vc_li-bubble\"><\/i><\/div>\r\n\t<\/div><h6 style=\"font-size: 16px;color: #56b782;text-align: center\" class=\"vc_custom_heading vc_custom_1575623985352\" >V\u00f6llig unverbindlich anfragen<\/h6><div class=\"nectar_icon_wrap\" data-style=\"default\" data-padding=\"0px\" data-color=\"extra-color-3\" style=\"margin-top: 60px; \" >\r\n\t\t<div class=\"nectar_icon\" ><i style=\"font-size: 45px; line-height: 45px; height: 45px; width: 45px;\" class=\"vc_li vc_li-like\"><\/i><\/div>\r\n\t<\/div><h6 style=\"font-size: 16px;color: #56b782;text-align: center\" class=\"vc_custom_heading vc_custom_1575624006072\" >Umfassende und kostenlose Beratung<\/h6><div class=\"nectar_icon_wrap\" data-style=\"default\" data-padding=\"0px\" data-color=\"extra-color-3\" style=\"margin-top: 60px; \" >\r\n\t\t<div class=\"nectar_icon\" ><i style=\"font-size: 45px; line-height: 45px; height: 45px; width: 45px;\" class=\"vc_li vc_li-banknote\"><\/i><\/div>\r\n\t<\/div><h6 style=\"font-size: 16px;color: #56b782;text-align: center\" class=\"vc_custom_heading vc_custom_1575624021447\" >Bestpreisgarantie<\/h6><div class=\"nectar_icon_wrap\" data-style=\"default\" data-padding=\"0px\" data-color=\"extra-color-1\" style=\"margin-top: 60px; \" >\r\n\t\t<div class=\"nectar_icon\" ><i style=\"font-size: 45px; line-height: 45px; height: 45px; width: 45px;\" class=\"vc_li vc_li-bulb\"><\/i><\/div>\r\n\t<\/div><h6 style=\"font-size: 16px;color: #e94946;text-align: center\" class=\"vc_custom_heading vc_custom_1575624035595\" >Wir sind Experten mit jahrelanger Erfahrung<\/h6>\n\t\t\t<\/div> \n\t\t<\/div>\n\t<\/div> \n<\/div><\/div>\r\n\t\t<div id=\"fws_69e52f47778c8\"  data-column-margin=\"default\" data-midnight=\"dark\"  class=\"wpb_row vc_row-fluid vc_row\"  style=\"padding-top: 0px; padding-bottom: 0px; \"><div class=\"row-bg-wrap\" data-bg-animation=\"none\" data-bg-overlay=\"false\"><div class=\"inner-wrap\"><div class=\"row-bg viewport-desktop\"  style=\"\"><\/div><\/div><\/div><div class=\"row_col_wrap_12 col span_12 dark left\">\n\t<div  class=\"vc_col-sm-12 wpb_column column_container vc_column_container col no-extra-padding inherit_tablet inherit_phone\"  data-padding-pos=\"all\" data-has-bg-color=\"false\" data-bg-color=\"\" data-bg-opacity=\"1\" data-animation=\"\" data-delay=\"0\" >\n\t\t<div class=\"vc_column-inner\" >\n\t\t\t<div class=\"wpb_wrapper\">\n\t\t\t\t\r\n\t\t<div id=\"ueber-uns\"  data-column-margin=\"default\" data-midnight=\"dark\"  class=\"wpb_row vc_row-fluid vc_row full-width-section\"  style=\"padding-top: 50px; padding-bottom: 30px; \"><div class=\"row-bg-wrap\" data-bg-animation=\"none\" data-bg-overlay=\"true\"><div class=\"inner-wrap using-image\"><div class=\"row-bg viewport-desktop using-image\"  style=\"background-image: url(https:\/\/web.recoverics.net\/wp-content\/uploads\/2021\/11\/team_1920.jpg); background-position: center center; background-repeat: no-repeat; \"><\/div><\/div><div class=\"row-bg-overlay\" style=\"background-color:#24368a;  opacity: 0.8; \"><\/div><\/div><div class=\"row_col_wrap_12 col span_12 dark left\">\n\t<div  class=\"vc_col-sm-12 wpb_column column_container vc_column_container col no-extra-padding inherit_tablet inherit_phone\"  data-padding-pos=\"all\" data-has-bg-color=\"false\" data-bg-color=\"\" data-bg-opacity=\"1\" data-animation=\"\" data-delay=\"0\" >\n\t\t<div class=\"vc_column-inner\" >\n\t\t\t<div class=\"wpb_wrapper\">\n\t\t\t\t<h2 style=\"font-size: 26px;color: #56b782;text-align: center\" class=\"vc_custom_heading\" >Warum unser erfahrenes Team das richtige f\u00fcr Ihr Datenproblem ist<\/h2><div id=\"fws_69e52f477836f\" data-midnight=\"\" data-column-margin=\"default\" class=\"wpb_row vc_row-fluid vc_row inner_row\"  style=\"padding-top: 20px; padding-bottom: 5px; \"><div class=\"row-bg-wrap\"> <div class=\"row-bg\" ><\/div> <\/div><div class=\"row_col_wrap_12_inner col span_12  left\">\n\t<div  class=\"vc_col-sm-4 wpb_column column_container vc_column_container col child_column padding-3-percent inherit_tablet inherit_phone\"   data-padding-pos=\"left-right\" data-has-bg-color=\"false\" data-bg-color=\"\" data-bg-opacity=\"1\" data-animation=\"\" data-delay=\"0\" >\n\t\t<div class=\"vc_column-inner\" >\n\t\t<div class=\"wpb_wrapper\">\n\t\t\t<div class=\"nectar-fancy-ul\" data-list-icon=\"fa fa-circle-o\" data-animation=\"false\" data-animation-delay=\"0\" data-color=\"extra-color-3\" data-spacing=\"default\" data-alignment=\"left\"> \r\n<ul style=\"color: #fff;\">\r\n \t<li>Wir sind die <strong>Experten <\/strong>in der Datenrettung und <strong>Techniker <\/strong>mit Leib und Seele.<\/li>\r\n \t<li>Wir stecken unser <strong>Herzblut <\/strong>\ud83e\udd0d und all unser Wissen in Ihren Auftrag.<\/li>\r\n \t<li>Bei uns sind Sie keine Nummer, sondern unser Kunde, dem wir eine L\u00f6sung bieten k\u00f6nnen.<\/li>\r\n \t<li>Unser oberstes Ziel ist Ihnen die verloren geglaubten Daten wiederzubringen.<\/li>\r\n<\/ul>\r\n <\/div>\n\t\t<\/div> \n\t<\/div>\n\t<\/div> \n\n\t<div  class=\"vc_col-sm-4 wpb_column column_container vc_column_container col child_column centered-text padding-3-percent inherit_tablet inherit_phone\"   data-padding-pos=\"left-right\" data-has-bg-color=\"false\" data-bg-color=\"\" data-bg-opacity=\"1\" data-animation=\"\" data-delay=\"0\" >\n\t\t<div class=\"vc_column-inner\" >\n\t\t<div class=\"wpb_wrapper\">\n\t\t\t<h5 style=\"font-size: 20px;color: #ffffff;text-align: center\" class=\"vc_custom_heading vc_custom_1637770441444\" >Kostenlos &amp; unverbindlich!<\/h5><a class=\"nectar-button large regular accent-color has-icon  wpb_animate_when_almost_visible wpb_shake shake regular-button\"  style=\"margin-bottom: 30px; background-color: #e94946;\"  href=\"https:\/\/web.recoverics.net\/de\/rueckruf\/\" data-color-override=\"#e94946\" data-hover-color-override=\"false\" data-hover-text-color-override=\"#fff\"><span>R\u00fcckruf anfordern<\/span><i  class=\"fa fa-angle-right\"><\/i><\/a><a class=\"nectar-button large see-through-2  has-icon\"  style=\"border-color: #56b782; color: #56b782;\"  href=\"https:\/\/web.recoverics.net\/de\/anfrage\/\" data-color-override=\"#56b782\"  data-hover-color-override=\"#56b782\" data-hover-text-color-override=\"#ffffff\"><span>Anfrage schriftlich<\/span><i  class=\"fa fa-angle-right\"><\/i><\/a>\n\t\t<\/div> \n\t<\/div>\n\t<\/div> \n\n\t<div  class=\"vc_col-sm-4 wpb_column column_container vc_column_container col child_column padding-3-percent bottom_margin_tablet_40px bottom_margin_phone_40px inherit_tablet inherit_phone\"   data-padding-pos=\"left-right\" data-has-bg-color=\"false\" data-bg-color=\"\" data-bg-opacity=\"1\" data-animation=\"\" data-delay=\"0\" >\n\t\t<div class=\"vc_column-inner\" >\n\t\t<div class=\"wpb_wrapper\">\n\t\t\t\r\n<div class=\"wpb_text_column wpb_content_element\" >\r\n\t<div class=\"wpb_wrapper\">\r\n\t\t<p style=\"color: #fff;\">Wir bestehen aus langj\u00e4hrigen Technikern und einem Supportteam, das Ihnen jederzeit gerne bei allen Fragen zum Thema Datenverlust behilflich ist.<br \/>\nGanz egal ob Sie eine Datenrettung bei uns beauftragen m\u00f6chten oder einfach im Vorfeld Fragen \u00fcber M\u00f6glichkeiten f\u00fcr eine Datenrettung oder Datenwiederherstellung abw\u00e4gen wollen. Unsere Beratung erfolgt v\u00f6llig kostenlos und unverbindlich!<\/p>\n\t<\/div>\r\n<\/div>\r\n\r\n\r\n\r\n\n\t\t<\/div> \n\t<\/div>\n\t<\/div> \n<\/div><\/div>\n\t\t\t<\/div> \n\t\t<\/div>\n\t<\/div> \n<\/div><\/div><style type=\"text\/css\" data-type=\"vc_shortcodes-custom-css\">.vc_custom_1637770441444{padding-top: 10px !important;padding-bottom: 25px !important;}<\/style>\n\t\t\t<\/div> \n\t\t<\/div>\n\t<\/div> \n<\/div><\/div>","protected":false},"excerpt":{"rendered":"Anfrage schriftlich Mit Ihren Daten ausf\u00fcllen und absenden - und wir melden uns bei Ihnen. Name * E-Mail-Adresse * Telefonnummer inkl. L\u00e4ndervorwahl * 004300490041 Um welches Ger\u00e4t, welchen Datentr\u00e4ger handelt...","protected":false},"author":3,"featured_media":0,"parent":0,"menu_order":2,"comment_status":"closed","ping_status":"closed","template":"","meta":{"om_disable_all_campaigns":false,"_monsterinsights_skip_tracking":false,"_monsterinsights_sitenote_active":false,"_monsterinsights_sitenote_note":"","_monsterinsights_sitenote_category":0,"footnotes":""},"aioseo_notices":[],"_links":{"self":[{"href":"https:\/\/web.recoverics.net\/de\/wp-json\/wp\/v2\/pages\/451"}],"collection":[{"href":"https:\/\/web.recoverics.net\/de\/wp-json\/wp\/v2\/pages"}],"about":[{"href":"https:\/\/web.recoverics.net\/de\/wp-json\/wp\/v2\/types\/page"}],"author":[{"embeddable":true,"href":"https:\/\/web.recoverics.net\/de\/wp-json\/wp\/v2\/users\/3"}],"replies":[{"embeddable":true,"href":"https:\/\/web.recoverics.net\/de\/wp-json\/wp\/v2\/comments?post=451"}],"version-history":[{"count":23,"href":"https:\/\/web.recoverics.net\/de\/wp-json\/wp\/v2\/pages\/451\/revisions"}],"predecessor-version":[{"id":838,"href":"https:\/\/web.recoverics.net\/de\/wp-json\/wp\/v2\/pages\/451\/revisions\/838"}],"wp:attachment":[{"href":"https:\/\/web.recoverics.net\/de\/wp-json\/wp\/v2\/media?parent=451"}],"curies":[{"name":"wp","href":"https:\/\/api.w.org\/{rel}","templated":true}]}}