{"id":21,"date":"2019-07-30T15:02:56","date_gmt":"2019-07-30T15:02:56","guid":{"rendered":"https:\/\/entwicklung.mirrox.io\/?page_id=21"},"modified":"2023-12-01T09:45:43","modified_gmt":"2023-12-01T08:45:43","slug":"impressum-haftungsausschluss","status":"publish","type":"page","link":"https:\/\/web.recoverics.net\/de\/impressum-haftungsausschluss\/","title":{"rendered":"Impressum &#038; Haftungsausschluss"},"content":{"rendered":"<div id=\"fws_69e514a5028b3\"  data-column-margin=\"default\" data-midnight=\"dark\"  class=\"wpb_row vc_row-fluid vc_row\"  style=\"padding-top: 0px; padding-bottom: 0px; \"><div class=\"row-bg-wrap\" data-bg-animation=\"none\" data-bg-overlay=\"false\"><div class=\"inner-wrap\"><div class=\"row-bg viewport-desktop\"  style=\"\"><\/div><\/div><\/div><div class=\"row_col_wrap_12 col span_12 dark left\">\n\t<div  class=\"vc_col-sm-12 wpb_column column_container vc_column_container col no-extra-padding inherit_tablet inherit_phone\"  data-padding-pos=\"all\" data-has-bg-color=\"false\" data-bg-color=\"\" data-bg-opacity=\"1\" data-animation=\"\" data-delay=\"0\" >\n\t\t<div class=\"vc_column-inner\" >\n\t\t\t<div class=\"wpb_wrapper\">\n\t\t\t\t<div class=\"col span_12 section-title text-align-center extra-padding\"><h2>\n<h2>Impressum<\/h2>\n<\/h2><p>RECOVERICS Datenrettung ist ein Service der Enaris GmbH<\/p><\/div><div class=\"clear\"><\/div>\n\t\t\t<\/div> \n\t\t<\/div>\n\t<\/div> \n<\/div><\/div>\r\n\t\t<div id=\"fws_69e514a502de1\"  data-column-margin=\"default\" data-midnight=\"dark\"  class=\"wpb_row vc_row-fluid vc_row\"  style=\"padding-top: 0px; padding-bottom: 0px; \"><div class=\"row-bg-wrap\" data-bg-animation=\"none\" data-bg-overlay=\"false\"><div class=\"inner-wrap\"><div class=\"row-bg viewport-desktop\"  style=\"\"><\/div><\/div><\/div><div class=\"row_col_wrap_12 col span_12 dark left\">\n\t<div  class=\"vc_col-sm-6 wpb_column column_container vc_column_container col no-extra-padding inherit_tablet inherit_phone\"  data-padding-pos=\"all\" data-has-bg-color=\"false\" data-bg-color=\"\" data-bg-opacity=\"1\" data-animation=\"\" data-delay=\"0\" >\n\t\t<div class=\"vc_column-inner\" >\n\t\t\t<div class=\"wpb_wrapper\">\n\t\t\t\t\r\n<div class=\"wpb_text_column wpb_content_element\" >\r\n\t<div class=\"wpb_wrapper\">\r\n\t\t<p>Verantwortlich f\u00fcr den Inhalt:<\/p>\n<h6>Enaris GmbH<\/h6>\n<p>T.\u00a0 <a href=\"callto:00437205900320\" rel=\"noopener noreferrer\">+43 720 5900320<\/a><br \/>\nM. <a href=\"mailto:hello@recoverics.net\">info@recoverics.net<\/a><\/p>\n<p>Linke Br\u00fcckenstra\u00dfe 8<br \/>\n4040 Linz<br \/>\n\u00d6sterreich<\/p>\n<p>Rechtsform: Gesellschaft mit beschr\u00e4nkter Haftung<br \/>\nFirmenbuchnummer: FN 381605i<br \/>\nFirmenbuchgericht: Landesgericht Linz<br \/>\nUID-Nummer: ATU 67277145<\/p>\n<p>Unternehmensgegenstand: Dienstleistungen im Bereich Datenrettung<br \/>\nMitgliedschaft bei der Wirtschafskammerorganisation: Mitglied der <a href=\"https:\/\/firmen.wko.at\/Web\/DetailsKontakt.aspx?FirmaID=8b131310-3046-47c1-8f04-cc7d845635fa&amp;StandortID=62&amp;StandortName=Linz+(Stadt)+(Bezirk)&amp;Suchbegriff=Enaris+GmbH&amp;Page=1#firmendaten\" target=\"_blank\" rel=\"noopener noreferrer\">WK\u00d6, WKO\u00d6<\/a><br \/>\nAufsichtsbeh\u00f6rde, Gewerbebeh\u00f6rde: Magistrat Linz<br \/>\nAnwendbare Rechtsvorschrift und Zugang dazu: Gewerbeordnung (<a href=\"https:\/\/www.ris.bka.gv.at\/GeltendeFassung.wxe?Abfrage=Bundesnormen&amp;Gesetzesnummer=10007517\" target=\"_blank\" rel=\"noopener noreferrer\">www.ris.bka.gv.at<\/a>)<\/p>\n\t<\/div>\r\n<\/div>\r\n\r\n\r\n\r\n\n\t\t\t<\/div> \n\t\t<\/div>\n\t<\/div> \n\n\t<div  class=\"vc_col-sm-6 wpb_column column_container vc_column_container col no-extra-padding inherit_tablet inherit_phone\"  data-padding-pos=\"all\" data-has-bg-color=\"false\" data-bg-color=\"\" data-bg-opacity=\"1\" data-animation=\"\" data-delay=\"0\" >\n\t\t<div class=\"vc_column-inner\" >\n\t\t\t<div class=\"wpb_wrapper\">\n\t\t\t\t\r\n<div class=\"wpb_text_column wpb_content_element\" >\r\n\t<div class=\"wpb_wrapper\">\r\n\t\t<p>Angaben gem\u00e4\u00df \u00a75 deutsches TMG:<\/p>\n<h6>Enaris GmbH Niederlassung Deutschland<\/h6>\n<p>T.\u00a0 <a href=\"callto:08005892438\" rel=\"noopener noreferrer\">0800 5892438<\/a>\u00a0(aus DE)<br \/>\n<a href=\"mailto:hello@mirrox.io\">M. info<\/a><a href=\"mailto:hello@recoverics.net\">@recoverics.net<\/a><\/p>\n<p>c\/o B2B-Service 48823<br \/>\nWasserburger Stra\u00dfe 50a<br \/>\n83395 Freilassing<br \/>\nDeutschland<\/p>\n<p>Vertretungsberechtigt: Thomas Ahrer<br \/>\nRechtsform: Gesellschaft mit beschr\u00e4nkter Haftung<br \/>\nHandelsregister: Amtsgericht Traunstein<br \/>\nHandelsregisternummer: HRB 22098<br \/>\nUID-Nummer: DE 284072300<\/p>\n\t<\/div>\r\n<\/div>\r\n\r\n\r\n\r\n\n\t\t\t<\/div> \n\t\t<\/div>\n\t<\/div> \n<\/div><\/div>\r\n\t\t<div id=\"fws_69e514a5034cf\"  data-column-margin=\"default\" data-midnight=\"dark\"  class=\"wpb_row vc_row-fluid vc_row\"  style=\"padding-top: 0px; padding-bottom: 0px; \"><div class=\"row-bg-wrap\" data-bg-animation=\"none\" data-bg-overlay=\"false\"><div class=\"inner-wrap\"><div class=\"row-bg viewport-desktop\"  style=\"\"><\/div><\/div><\/div><div class=\"row_col_wrap_12 col span_12 dark left\">\n\t<div  class=\"vc_col-sm-12 wpb_column column_container vc_column_container col padding-4-percent inherit_tablet inherit_phone\"  data-padding-pos=\"bottom\" data-has-bg-color=\"false\" data-bg-color=\"\" data-bg-opacity=\"1\" data-animation=\"\" data-delay=\"0\" >\n\t\t<div class=\"vc_column-inner\" >\n\t\t\t<div class=\"wpb_wrapper\">\n\t\t\t\t\r\n<div class=\"wpb_text_column wpb_content_element\" >\r\n\t<div class=\"wpb_wrapper\">\r\n\t\t<h6>Bildnachweis<\/h6>\n<p>Enaris, <a href=\"https:\/\/pixabay.com\">Pixabay<\/a>, <a href=\"https:\/\/fontawesome.com\">FontAwesome<\/a><\/p>\n\t<\/div>\r\n<\/div>\r\n\r\n\r\n\r\n\n\t\t\t<\/div> \n\t\t<\/div>\n\t<\/div> \n<\/div><\/div>\r\n\t\t<div id=\"haftung\"  data-column-margin=\"default\" data-midnight=\"dark\"  class=\"wpb_row vc_row-fluid vc_row\"  style=\"padding-top: 0px; padding-bottom: 0px; \"><div class=\"row-bg-wrap\" data-bg-animation=\"none\" data-bg-overlay=\"false\"><div class=\"inner-wrap\"><div class=\"row-bg viewport-desktop\"  style=\"\"><\/div><\/div><\/div><div class=\"row_col_wrap_12 col span_12 dark left\">\n\t<div  class=\"vc_col-sm-12 wpb_column column_container vc_column_container col has-animation no-extra-padding inherit_tablet inherit_phone\"  data-padding-pos=\"all\" data-has-bg-color=\"false\" data-bg-color=\"\" data-bg-opacity=\"1\" data-animation=\"fade-in\" data-delay=\"0\" >\n\t\t<div class=\"vc_column-inner\" >\n\t\t\t<div class=\"wpb_wrapper\">\n\t\t\t\t<div class=\"col span_12 section-title text-align-center extra-padding\"><h2>\n<h3>Haftungsausschluss<\/h3>\n<\/h2><p>Disclaimer<\/p><\/div><div class=\"clear\"><\/div>\n\t\t\t<\/div> \n\t\t<\/div>\n\t<\/div> \n<\/div><\/div>\r\n\t\t<div id=\"fws_69e514a503b8f\"  data-column-margin=\"default\" data-midnight=\"dark\"  class=\"wpb_row vc_row-fluid vc_row\"  style=\"padding-top: 0px; padding-bottom: 0px; \"><div class=\"row-bg-wrap\" data-bg-animation=\"none\" data-bg-overlay=\"false\"><div class=\"inner-wrap\"><div class=\"row-bg viewport-desktop\"  style=\"\"><\/div><\/div><\/div><div class=\"row_col_wrap_12 col span_12 dark left\">\n\t<div  class=\"vc_col-sm-12 wpb_column column_container vc_column_container col padding-4-percent inherit_tablet inherit_phone\"  data-padding-pos=\"bottom\" data-has-bg-color=\"false\" data-bg-color=\"\" data-bg-opacity=\"1\" data-animation=\"\" data-delay=\"0\" >\n\t\t<div class=\"vc_column-inner\" >\n\t\t\t<div class=\"wpb_wrapper\">\n\t\t\t\t\r\n<div class=\"wpb_text_column wpb_content_element\" >\r\n\t<div class=\"wpb_wrapper\">\r\n\t\t<h6>Anwendbarkeit<\/h6>\n<p>Diese Website (im Folgenden \u201eRECOVERICS WS\u201c) inklusive aller abrufbaren Informationen und Inhalte ist ausschlie\u00dflich f\u00fcr den Rechtsraum von Deutschland und \u00d6sterreich bestimmt. Eine Anwendbarkeit f\u00fcr andere L\u00e4nder ist weder beabsichtigt noch garantiert.<\/p>\n<h6>Haftung<\/h6>\n<p>Die Enaris GmbH (im Folgenden \u201eEnaris\u201c) kann die auf der RECOVERICS WS bereitgestellten Inhalte jederzeit \u00e4ndern und \u00fcbernimmt daher keine Haftung f\u00fcr die Vollst\u00e4ndigkeit, Richtigkeit und Aktualit\u00e4t der auf der RECOVERICS WS zur Verf\u00fcgung gestellten Informationen und Preise. Die Nutzung der RECOVERICS WS sowie aller enthaltenen Informationen und Angebote erfolgt auf eigenes Risiko.<\/p>\n<p>Enaris \u00fcbernimmt keine Haftung f\u00fcr Verluste oder Sch\u00e4den jeder Art, die dem Benutzer oder Dritten durch die Betrachtung oder die Nutzung der RECOVERICS WS oder Teilen davon, durch den Download von Inhalten oder Daten oder durch die Nutzung von Links zu fremden Websites entstehen k\u00f6nnen. Die Benutzung verlinkter fremder Websites und aller damit zusammenh\u00e4ngender Inhalte und Dienste erfolgt auf eigenes Risiko.<\/p>\n<h6>Urheberrecht<\/h6>\n<p>Im Regelfall sind die gesamten \u00fcber die RECOVERICS WS abrufbaren Informationen und Inhalte urheberrechtlich gesch\u00fctzt und deren gewerbliche Nutzung ist nur mit Zustimmung des Urhebers erlaubt. Dies gilt insbesondere f\u00fcr Marken, Logos, Bilder, Videos und Audiodateien.<\/p>\n\t<\/div>\r\n<\/div>\r\n\r\n\r\n\r\n\n\t\t\t<\/div> \n\t\t<\/div>\n\t<\/div> \n<\/div><\/div>","protected":false},"excerpt":{"rendered":"Impressum RECOVERICS Datenrettung ist ein Service der Enaris GmbH Verantwortlich f\u00fcr den Inhalt: Enaris GmbH T.\u00a0 +43 720 5900320 M. info@recoverics.net Linke Br\u00fcckenstra\u00dfe 8 4040 Linz \u00d6sterreich Rechtsform: Gesellschaft mit...","protected":false},"author":4,"featured_media":0,"parent":0,"menu_order":5,"comment_status":"closed","ping_status":"closed","template":"","meta":{"om_disable_all_campaigns":false,"_monsterinsights_skip_tracking":false,"_monsterinsights_sitenote_active":false,"_monsterinsights_sitenote_note":"","_monsterinsights_sitenote_category":0,"footnotes":""},"aioseo_notices":[],"_links":{"self":[{"href":"https:\/\/web.recoverics.net\/de\/wp-json\/wp\/v2\/pages\/21"}],"collection":[{"href":"https:\/\/web.recoverics.net\/de\/wp-json\/wp\/v2\/pages"}],"about":[{"href":"https:\/\/web.recoverics.net\/de\/wp-json\/wp\/v2\/types\/page"}],"author":[{"embeddable":true,"href":"https:\/\/web.recoverics.net\/de\/wp-json\/wp\/v2\/users\/4"}],"replies":[{"embeddable":true,"href":"https:\/\/web.recoverics.net\/de\/wp-json\/wp\/v2\/comments?post=21"}],"version-history":[{"count":47,"href":"https:\/\/web.recoverics.net\/de\/wp-json\/wp\/v2\/pages\/21\/revisions"}],"predecessor-version":[{"id":1118,"href":"https:\/\/web.recoverics.net\/de\/wp-json\/wp\/v2\/pages\/21\/revisions\/1118"}],"wp:attachment":[{"href":"https:\/\/web.recoverics.net\/de\/wp-json\/wp\/v2\/media?parent=21"}],"curies":[{"name":"wp","href":"https:\/\/api.w.org\/{rel}","templated":true}]}}