{"id":161,"date":"2019-07-31T17:22:45","date_gmt":"2019-07-31T17:22:45","guid":{"rendered":"https:\/\/entwicklung.mirrox.io\/?page_id=161"},"modified":"2021-12-15T15:12:32","modified_gmt":"2021-12-15T14:12:32","slug":"datenschutz","status":"publish","type":"page","link":"https:\/\/web.recoverics.net\/de\/datenschutz\/","title":{"rendered":"Datenschutz"},"content":{"rendered":"<div id=\"fws_69e51499ae619\"  data-column-margin=\"default\" data-midnight=\"dark\"  class=\"wpb_row vc_row-fluid vc_row\"  style=\"padding-top: 0px; padding-bottom: 0px; \"><div class=\"row-bg-wrap\" data-bg-animation=\"none\" data-bg-overlay=\"false\"><div class=\"inner-wrap\"><div class=\"row-bg viewport-desktop\"  style=\"\"><\/div><\/div><\/div><div class=\"row_col_wrap_12 col span_12 dark left\">\n\t<div  class=\"vc_col-sm-12 wpb_column column_container vc_column_container col no-extra-padding inherit_tablet inherit_phone\"  data-padding-pos=\"all\" data-has-bg-color=\"false\" data-bg-color=\"\" data-bg-opacity=\"1\" data-animation=\"\" data-delay=\"0\" >\n\t\t<div class=\"vc_column-inner\" >\n\t\t\t<div class=\"wpb_wrapper\">\n\t\t\t\t<div class=\"col span_12 section-title text-align-center extra-padding\"><h2>\n<h2>Datenschutz<\/h2>\n<\/h2><p>Privacy Policy<\/p><\/div><div class=\"clear\"><\/div>\n\t\t\t<\/div> \n\t\t<\/div>\n\t<\/div> \n<\/div><\/div>\r\n\t\t<div id=\"fws_69e51499aeb8c\"  data-column-margin=\"default\" data-midnight=\"dark\"  class=\"wpb_row vc_row-fluid vc_row\"  style=\"padding-top: 0px; padding-bottom: 0px; \"><div class=\"row-bg-wrap\" data-bg-animation=\"none\" data-bg-overlay=\"false\"><div class=\"inner-wrap\"><div class=\"row-bg viewport-desktop\"  style=\"\"><\/div><\/div><\/div><div class=\"row_col_wrap_12 col span_12 dark left\">\n\t<div  class=\"vc_col-sm-12 wpb_column column_container vc_column_container col no-extra-padding inherit_tablet inherit_phone\"  data-padding-pos=\"all\" data-has-bg-color=\"false\" data-bg-color=\"\" data-bg-opacity=\"1\" data-animation=\"\" data-delay=\"0\" >\n\t\t<div class=\"vc_column-inner\" >\n\t\t\t<div class=\"wpb_wrapper\">\n\t\t\t\t\r\n<div class=\"wpb_text_column wpb_content_element\" >\r\n\t<div class=\"wpb_wrapper\">\r\n\t\t<p>Der Schutz Ihrer Daten ist uns wichtig.<\/p>\n<h6>Geltungsbereich<\/h6>\n<p>Die Datenschutzerkl\u00e4rung kl\u00e4rt Websitenutzer \u00fcber Art, Umfang und Zweck der personenbezogenen Datenerhebung auf und gilt f\u00fcr diese gesamte Website (im Folgenden \u201eRECOVERICS WS\u201c) der Enaris GmbH (im Folgenden \u201eEnaris\u201c). F\u00fcr fremde Internetseiten, zu welchen von der RECOVERICS WS ein Link besteht, wird keine Gew\u00e4hr f\u00fcr die Einhaltung der Datenschutzbestimmungen \u00fcbernommen.<\/p>\n<h6>Umfang und Zweck der Datenerhebung<\/h6>\n<p>Die RECOVERICS WS kann generell genutzt werden, ohne dass Angaben zur eigenen Person gemacht werden m\u00fcssen. Es werden keine personenbezogenen Daten gesammelt und verarbeitet, welche Sie uns nicht freiwillig zur Verf\u00fcgung stellen (z.B. \u00fcber ein Online Formular).<\/p>\n<p>Folgende allgemeine Nutzungsdaten werden ausschlie\u00dflich zur Verbesserung unseres Online Angebotes und der Nutzererfahrung anonymisiert ausgewertet: IP-Adresse, die zuletzt besuchte Seite, der verwendete Browser inklusive Version, das Betriebssystem des Nutzers, Datum, Uhrzeit etc. Daraus werden keine R\u00fcckschl\u00fcsse auf Ihre Person gezogen.<\/p>\n<h6>Keine Weitergabe der personenbezogenen Informationen<\/h6>\n<p>Ihre personenbezogenen Daten werden weder verkauft noch mit Dritten au\u00dferhalb der Enaris geteilt. Ausnahmen: Externe Dienstleister, die in unserem Auftrag Ihre Anfrage oder Ihre Bestellung abwickeln und die hierf\u00fcr zwingend notwendigen Daten verarbeiten. Wir wa\u0308hlen unsere externen Dienstleister nach strengen Kriterien aus.<\/p>\n<h6>Cookies<\/h6>\n<p>Die RECOVERICS WS kann Cookies, kleine Dateien mit nutzerspezifischen Informationen, benutzen. Die meisten Browser haben eine Funktion, die das Speichern von Cookies teilweise oder vollst\u00e4ndig verhindert. Verzichten Sie auf die Vorteile dieser perso\u0308nlichen Cookies, ko\u0308nnen bestimmte Dienste womo\u0308glich nicht genutzt werden.<\/p>\n<p><b><a class=\"wt-cli-manage-consent-link\">Cookies verwalten<\/a><\/b><\/p>\n<h6>Funktionale Cookies<\/h6>\n<p>Diese Cookies sind f\u00fcr die Bereitstellung von Diensten, die \u00fcber unsere Webseite verf\u00fcgbar sind, und f\u00fcr die Verwendung bestimmter Funktionen unserer Webseite von wesentlicher Bedeutung. Ohne diese Cookies k\u00f6nnen wir Ihnen bestimmte Dienste auf unserer Webseite nicht zur Verf\u00fcgung stellen.<\/p>\n<p>Consent<br \/>\nAnbieter: Eigent\u00fcmer dieser Webseite Zweck: Generiert durch Cookie-Einverst\u00e4ndnis Cookie Name: cookielawinfo-checkbox-necessary, cookielawinfo-checkbox-non-necessary, viewed_cookie_policy Cookie Laufzeit: 1 Jahr<\/p>\n<p>Cloudflare<br \/>\nCookies f\u00fcr Websites, die CloudFlare verwenden, um die Ladezeiten von Seiten zu beschleunigen. Laut CloudFlare werden damit Sicherheitsbeschr\u00e4nkungen auf der Grundlage der IP-Adresse, von der der Besucher kommt, au\u00dfer Kraft gesetzt. Es enth\u00e4lt keine Benutzeridentifikationsinformationen: Laufzeit 30 Tage<\/p>\n<p>Akoro<br \/>\nAnbieter: Techlogic Solutions GmbH Zweck: Typ der Kampagne auslesen Cookie Name: akoro_st_type Cookie Laufzeit: 1 Monat<\/p>\n<h6>Analyse-Cookies<\/h6>\n<p>Diese Cookies werden genutzt, um Werbung anzuzeigen, die Sie aufgrund Ihrer Surfgewohnheiten wahrscheinlich interessieren wird.<br \/>\nDiese Cookies, die von unseren Inhalten und \/ oder Werbeanbietern bereitgestellt werden, k\u00f6nnen Informationen, die sie von unserer Webseite gesammelt haben, mit anderen Informationen kombinieren, welche sie durch Aktivit\u00e4ten Ihres Webbrowsers in Ihrem Netzwerk von Websites gesammelt haben.<br \/>\nWenn Sie diese Targeting- oder Werbe-Cookies entfernen oder deaktivieren, werden weiterhin Anzeigen angezeigt. Diese sind f\u00fcr Sie jedoch m\u00f6glicherweise nicht relevant.<\/p>\n<p>Google AdSense<br \/>\nAnbieter: Google LLC Zweck: F\u00fcr Ad-Targeting und Anzeigenmessung Datenschutzerkl\u00e4rung: https:\/\/policies.google.com\/technologies\/partner-sites Cookie Name: DoubleClick Ad Exchange, DoubleClick Cookie Laufzeit: 5 Jahre<\/p>\n<p>YouTube<br \/>\nAnbieter: YouTube LLC Zweck: YouTube-Inhalte entsperren Datenschutzerkl\u00e4rung: https:\/\/policies.google.com\/technologies\/partner-sites Cookie Name: NID Cookie Laufzeit: 6 Monate<\/p>\n<p>Google Analytics<br \/>\nDieses Angebot benutzt Google Analytics, einen Webanalysedienst der Google Inc. (\u201eGoogle\u201c). Google Analytics verwendet sog. \u201eCookies\u201c, Textdateien, die auf Computer der Nutzer gespeichert werden und die eine Analyse der Benutzung der Webseite durch sie erm\u00f6glichen. Die durch den Cookie erzeugten Informationen \u00fcber Benutzung dieser Webseite durch die Nutzer werden in der Regel an einen Server von Google in den USA \u00fcbertragen und dort gespeichert.<br \/>\nIm Falle der Aktivierung der IP-Anonymisierung auf dieser Webseite, wird die IP-Adresse der Nutzer von Google jedoch innerhalb von Mitgliedstaaten der Europ\u00e4ischen Union oder in anderen Vertragsstaaten des Abkommens \u00fcber den Europ\u00e4ischen Wirtschaftsraum zuvor gek\u00fcrzt. Nur in Ausnahmef\u00e4llen wird die volle IP-Adresse an einen Server von Google in den USA \u00fcbertragen und dort gek\u00fcrzt. Die IP-Anonymisierung ist auf dieser Webseite aktiv. Im Auftrag des Betreibers dieser Webseite wird Google diese Informationen benutzen, um die Nutzung der Webseite durch die Nutzer auszuwerten, um Reports \u00fcber die Websiteaktivit\u00e4ten zusammenzustellen und um weitere mit der Websitenutzung und der Internetnutzung verbundene Dienstleistungen gegen\u00fcber dem Websitebetreiber zu erbringen.<br \/>\nDie im Rahmen von Google Analytics von Ihrem Browser \u00fcbermittelte IP-Adresse wird nicht mit anderen Daten von Google zusammengef\u00fchrt. Die Nutzer k\u00f6nnen die Speicherung der Cookies durch eine entsprechende Einstellung Ihrer Browser-Software verhindern; Dieses Angebot weist die Nutzer jedoch darauf hin, dass Sie in diesem Fall gegebenenfalls nicht s\u00e4mtliche Funktionen dieser Webseite vollumf\u00e4nglich nutzen k\u00f6nnen. Die Nutzer k\u00f6nnen dar\u00fcber hinaus die Erfassung der durch das Cookie erzeugten und auf ihre Nutzung der Webseite bezogenen Daten (inkl. Ihrer IP-Adresse) an Google sowie die Verarbeitung dieser Daten durch Google verhindern, indem sie das unter dem folgenden Link verf\u00fcgbare Browser-Plugin herunterladen und installieren: <a href=\"http:\/\/tools.google.com\/dlpage\/gaoptout?hl=de\" target=\"_blank\" rel=\"noopener\">http:\/\/tools.google.com\/dlpage\/gaoptout?hl=de<\/a>.<br \/>\nAlternativ zum Browser-Add-On oder innerhalb von Browsern auf mobilen Ger\u00e4ten, klicken Sie bitte diesen Link, um die Erfassung durch Google Analytics innerhalb dieser Webseite zuk\u00fcnftig zu verhindern. Dabei wird ein Opt-Out-Cookie auf Ihrem Ger\u00e4t abgelegt. L\u00f6schen Sie Ihre Cookies, m\u00fcssen Sie diesen Link erneut klicken.<\/p>\n<h6>Inhalte von Drittanbietern<\/h6>\n<p>Auf der RECOVERICS WS sind eventuell Inhalte Dritter, wie beispielsweise Karten von Google Maps oder Videos von YouTube eingebunden. Zur korrekten Darstellung dieser Inhalte auf der RECOVERICS WS kann das Auslesen Ihrer IP-Adresse durch diese Dritten notwendig sein. Im Normalfall wird Ihre IP-Adresse lediglich zur Auslieferung dieser Inhalte abgerufen, Enaris hat jedoch keinen Einfluss darauf ob Drittanbieter Ihre IP-Adresse speichern.<\/p>\n<h6>Datensicherheit und Aufbewahrung<\/h6>\n<p>Ihre Daten werden durch Verwendung angemessener Technologien und Ma\u00dfnahmen entsprechend gesch\u00fctzt. Enaris bewahrt personenbezogene Daten nur solange auf, wie dies f\u00fcr den jeweiligen Zweck notwendig ist.<\/p>\n<h6>Rechte des Nutzers<\/h6>\n<p>Sie haben das Recht auf Berichtigung, Einschra\u0308nkung, Widerruf, Datenu\u0308bertragung, Sperrung und Lo\u0308schung der personenbezogenen Daten, soweit diese von keiner gesetzlichen Aufbewahrungspflicht betroffen sind. Zur Kontaktaufnahme und bei weiteren Fragen wenden Sie sich bitte schriftlich an: <a href=\"mailto:hello@recoverics.net\">hello@recoverics.net<\/a><\/p>\n<h6>Rechtsgrundlage und \u00c4nderungen<\/h6>\n<p>Die rechtliche Grundlage zu dieser Datenschutzerkl\u00e4rung bildet die EU-DSGVO. Bitte beachten Sie, dass \u00c4nderungen dieser Datenschutzerkl\u00e4rung durch Enaris jederzeit erfolgen k\u00f6nnen.<\/p>\n<h6>Google Analytics Erkl\u00e4rung<\/h6>\n<p>\u201eDiese Website benutzt Google Analytics, einen Webanalysedienst der Google Inc. (\u201eGoogle\u201c). Google Analytics verwendet sog. \u201eCookies\u201c, Textdateien, die auf Ihrem Computer gespeichert werden und die eine Analyse der Benutzung der Website durch Sie erm\u00f6glicht.<\/p>\n<p>Auf dieser Website ist die IP-Anonymisierung aktiv. Das hei\u00dft, die IP-Adresse der Nutzer wird von Google innerhalb von Mitgliedstaaten der Europ\u00e4ischen Union oder in anderen Vertragsstaaten des Abkommens \u00fcber den Europ\u00e4ischen Wirtschaftsraum zuvor gek\u00fcrzt. Nur in Ausnahmef\u00e4llen wird die volle IP-Adresse an einen Server von Google in den USA \u00fcbertragen und dort gek\u00fcrzt.<\/p>\n<p>Google wird diese Informationen benutzen, um Ihre Nutzung der Website auszuwerten, um Reports \u00fcber die Websiteaktivit\u00e4ten f\u00fcr die Websitebetreiber zusammenzustellen und um weitere mit der Websitenutzung und der Internetnutzung verbundene Dienstleistungen zu erbringen. Auch wird Google diese Informationen gegebenenfalls an Dritte \u00fcbertragen, sofern dies gesetzlich vorgeschrieben oder soweit Dritte diese Daten im Auftrag von Google verarbeiten. Google wird in keinem Fall Ihre IP-Adresse mit anderen Daten von Google in Verbindung bringen.<\/p>\n<p>Sie k\u00f6nnen die Installation der Cookies durch eine entsprechende Einstellung Ihrer Browser Software verhindern; wir weisen Sie jedoch darauf hin, dass Sie in diesem Fall gegebenenfalls nicht s\u00e4mtliche Funktionen dieser Website voll umf\u00e4nglich nutzen k\u00f6nnen. Sie k\u00f6nnen dar\u00fcber hinaus die Erfassung der durch das Cookie erzeugten und auf Ihre Nutzung der Website bezogenen Daten (inkl. Ihrer IP-Adresse) an Google sowie die Verarbeitung dieser Daten durch Google verhindern, indem sie das unter dem folgenden Link verf\u00fcgbare Browser-Plugin herunterladen und installieren.<\/p>\n<p>Durch die Nutzung dieser Website erkl\u00e4ren Sie sich mit der Bearbeitung der \u00fcber Sie erhobenen Daten durch Google in der zuvor beschriebenen Art und Weise und zu dem zuvor benannten Zweck einverstanden.\u201c<\/p>\n<p>Letzte Aktualisierung: 17. November 2021<\/p>\n\t<\/div>\r\n<\/div>\r\n\r\n\r\n\r\n\n\t\t\t<\/div> \n\t\t<\/div>\n\t<\/div> \n<\/div><\/div>","protected":false},"excerpt":{"rendered":"Datenschutz Privacy Policy Der Schutz Ihrer Daten ist uns wichtig. Geltungsbereich Die Datenschutzerkl\u00e4rung kl\u00e4rt Websitenutzer \u00fcber Art, Umfang und Zweck der personenbezogenen Datenerhebung auf und gilt f\u00fcr diese gesamte Website...","protected":false},"author":4,"featured_media":0,"parent":0,"menu_order":6,"comment_status":"closed","ping_status":"closed","template":"","meta":{"om_disable_all_campaigns":false,"_monsterinsights_skip_tracking":false,"_monsterinsights_sitenote_active":false,"_monsterinsights_sitenote_note":"","_monsterinsights_sitenote_category":0,"footnotes":""},"aioseo_notices":[],"_links":{"self":[{"href":"https:\/\/web.recoverics.net\/de\/wp-json\/wp\/v2\/pages\/161"}],"collection":[{"href":"https:\/\/web.recoverics.net\/de\/wp-json\/wp\/v2\/pages"}],"about":[{"href":"https:\/\/web.recoverics.net\/de\/wp-json\/wp\/v2\/types\/page"}],"author":[{"embeddable":true,"href":"https:\/\/web.recoverics.net\/de\/wp-json\/wp\/v2\/users\/4"}],"replies":[{"embeddable":true,"href":"https:\/\/web.recoverics.net\/de\/wp-json\/wp\/v2\/comments?post=161"}],"version-history":[{"count":7,"href":"https:\/\/web.recoverics.net\/de\/wp-json\/wp\/v2\/pages\/161\/revisions"}],"predecessor-version":[{"id":936,"href":"https:\/\/web.recoverics.net\/de\/wp-json\/wp\/v2\/pages\/161\/revisions\/936"}],"wp:attachment":[{"href":"https:\/\/web.recoverics.net\/de\/wp-json\/wp\/v2\/media?parent=161"}],"curies":[{"name":"wp","href":"https:\/\/api.w.org\/{rel}","templated":true}]}}